{"id":101,"date":"2023-08-01T14:00:57","date_gmt":"2023-08-01T12:00:57","guid":{"rendered":"http:\/\/lechampdubourdon.com\/?page_id=101"},"modified":"2023-09-13T15:02:00","modified_gmt":"2023-09-13T13:02:00","slug":"qui-suis-je","status":"publish","type":"page","link":"https:\/\/lechampdubourdon.com\/index.php\/qui-suis-je\/","title":{"rendered":"Qui suis-je ?"},"content":{"rendered":"<div class=\"wp-block-image\">\n<figure class=\"aligncenter size-medium\"><img loading=\"lazy\" decoding=\"async\" width=\"300\" height=\"199\" src=\"http:\/\/lechampdubourdon.com\/wp-content\/uploads\/2023\/08\/logo-le-champ-du-bourdon-2-300x199.png\" alt=\"\" class=\"wp-image-184\" srcset=\"https:\/\/lechampdubourdon.com\/wp-content\/uploads\/2023\/08\/logo-le-champ-du-bourdon-2-300x199.png 300w, https:\/\/lechampdubourdon.com\/wp-content\/uploads\/2023\/08\/logo-le-champ-du-bourdon-2-1024x678.png 1024w, https:\/\/lechampdubourdon.com\/wp-content\/uploads\/2023\/08\/logo-le-champ-du-bourdon-2-768x508.png 768w, https:\/\/lechampdubourdon.com\/wp-content\/uploads\/2023\/08\/logo-le-champ-du-bourdon-2-1536x1017.png 1536w, https:\/\/lechampdubourdon.com\/wp-content\/uploads\/2023\/08\/logo-le-champ-du-bourdon-2-2048x1356.png 2048w\" sizes=\"auto, (max-width: 300px) 100vw, 300px\" \/><\/figure>\n<\/div>\n\n<div class=\"wp-block-image\">\n<figure class=\"aligncenter size-large is-resized\"><img loading=\"lazy\" decoding=\"async\" src=\"http:\/\/lechampdubourdon.com\/wp-content\/uploads\/2023\/09\/magali-2-650x1024.png\" alt=\"\" class=\"wp-image-436\" style=\"width:215px;height:338px\" width=\"215\" height=\"338\" srcset=\"https:\/\/lechampdubourdon.com\/wp-content\/uploads\/2023\/09\/magali-2-650x1024.png 650w, https:\/\/lechampdubourdon.com\/wp-content\/uploads\/2023\/09\/magali-2-190x300.png 190w, https:\/\/lechampdubourdon.com\/wp-content\/uploads\/2023\/09\/magali-2-768x1210.png 768w, https:\/\/lechampdubourdon.com\/wp-content\/uploads\/2023\/09\/magali-2-975x1536.png 975w, https:\/\/lechampdubourdon.com\/wp-content\/uploads\/2023\/09\/magali-2-1300x2048.png 1300w\" sizes=\"auto, (max-width: 215px) 100vw, 215px\" \/><\/figure>\n<\/div>\n\n\n<p class=\"has-text-align-center\"><strong>Productrice, cueilleuse de plantes aromatiques et m\u00e9dicinales.<\/strong><\/p>\n\n\n\n<p class=\"has-text-align-center\">\u00ab\u00a0Le champ du bourdon\u00a0\u00bb est une exploitation de production et cueillettes sauvages de plantes \u00e0 parfums aromatiques et m\u00e9dicinales cr\u00e9\u00e9 en 2023 \u00e0 La Chapelle-Launay en Loire Atlantique. Elle est situ\u00e9e entre Nantes et St Nazaire pr\u00e8s de l&rsquo;Estuaire de la loire.<\/p>\n\n\n<div class=\"wp-block-image\">\n<figure class=\"aligncenter size-full is-resized\"><img loading=\"lazy\" decoding=\"async\" src=\"http:\/\/lechampdubourdon.com\/wp-content\/uploads\/2023\/08\/Bord_de_Loire-02-1024x681-1.jpg\" alt=\"\" class=\"wp-image-302\" style=\"width:484px;height:315px\" width=\"484\" height=\"315\" srcset=\"https:\/\/lechampdubourdon.com\/wp-content\/uploads\/2023\/08\/Bord_de_Loire-02-1024x681-1.jpg 1024w, https:\/\/lechampdubourdon.com\/wp-content\/uploads\/2023\/08\/Bord_de_Loire-02-1024x681-1-300x195.jpg 300w, https:\/\/lechampdubourdon.com\/wp-content\/uploads\/2023\/08\/Bord_de_Loire-02-1024x681-1-768x499.jpg 768w\" sizes=\"auto, (max-width: 484px) 100vw, 484px\" \/><\/figure>\n<\/div>\n\n\n<p class=\"has-text-align-center\">Pour pr\u00e9server la biodiversit\u00e9, les principes de l&rsquo;agriculture biologique sont respect\u00e9s.<br>Certaines plantes sont issues de la cueillette sauvage dans un rayon de 30km autour du terrain. Les sites sont s\u00e9lectionn\u00e9s, valid\u00e9s et pr\u00e9serv\u00e9s.<\/p>\n\n\n<div class=\"wp-block-image\">\n<figure class=\"aligncenter size-full is-resized\"><img loading=\"lazy\" decoding=\"async\" src=\"http:\/\/lechampdubourdon.com\/wp-content\/uploads\/2023\/08\/terrain-juillet-2023-Copie-min.jpg\" alt=\"\" class=\"wp-image-221\" style=\"width:451px;height:444px\" width=\"451\" height=\"444\" srcset=\"https:\/\/lechampdubourdon.com\/wp-content\/uploads\/2023\/08\/terrain-juillet-2023-Copie-min.jpg 768w, https:\/\/lechampdubourdon.com\/wp-content\/uploads\/2023\/08\/terrain-juillet-2023-Copie-min-300x296.jpg 300w\" sizes=\"auto, (max-width: 451px) 100vw, 451px\" \/><\/figure>\n<\/div>\n\n\n<p class=\"has-text-align-center\">Jardini\u00e8re passionn\u00e9e, je donne beaucoup d&rsquo;attention aux plantes qui m&rsquo;entourent. Amoureuse de la Nature, j&rsquo;ai \u00e0 c\u0153ur de la pr\u00e9server et de vivre cette passion. Agent SNCF de formation mais passionn\u00e9e par le v\u00e9g\u00e9tal, j&rsquo;ai suivi 2 certifications en herboristerie puis ai obtenu l&rsquo;UCARE de sp\u00e9cialisation en production de plantes aromatiques et m\u00e9dicinales au CFPPA de Nyons. Ainsi, j&rsquo;ai choisi de passer \u00e0 mi-temps dans mon emploi pour m&rsquo;installer progressivement dans ce beau projet.<\/p>\n\n\n<div class=\"wp-block-image\">\n<figure class=\"aligncenter size-full is-resized\"><img loading=\"lazy\" decoding=\"async\" src=\"http:\/\/lechampdubourdon.com\/wp-content\/uploads\/2023\/08\/melange-recolte-Copie-min-1.jpg\" alt=\"\" class=\"wp-image-226\" style=\"width:476px;height:356px\" width=\"476\" height=\"356\" srcset=\"https:\/\/lechampdubourdon.com\/wp-content\/uploads\/2023\/08\/melange-recolte-Copie-min-1.jpg 1024w, https:\/\/lechampdubourdon.com\/wp-content\/uploads\/2023\/08\/melange-recolte-Copie-min-1-300x225.jpg 300w, https:\/\/lechampdubourdon.com\/wp-content\/uploads\/2023\/08\/melange-recolte-Copie-min-1-768x576.jpg 768w\" sizes=\"auto, (max-width: 476px) 100vw, 476px\" \/><\/figure>\n<\/div>","protected":false},"excerpt":{"rendered":"<p>Productrice, cueilleuse de plantes aromatiques et m\u00e9dicinales. \u00ab\u00a0Le champ du bourdon\u00a0\u00bb est une exploitation de production et cueillettes sauvages de plantes \u00e0 parfums aromatiques et m\u00e9dicinales cr\u00e9\u00e9 en 2023 \u00e0 La Chapelle-Launay en Loire Atlantique. Elle est situ\u00e9e entre Nantes et St Nazaire pr\u00e8s de l&rsquo;Estuaire de la loire. Pour pr\u00e9server la biodiversit\u00e9, les principes &hellip; <\/p>\n<p class=\"link-more\"><a href=\"https:\/\/lechampdubourdon.com\/index.php\/qui-suis-je\/\" class=\"more-link\">Continuer la lecture<span class=\"screen-reader-text\"> de &laquo;&nbsp;Qui suis-je ?&nbsp;&raquo;<\/span><\/a><\/p>\n","protected":false},"author":1,"featured_media":0,"parent":0,"menu_order":0,"comment_status":"closed","ping_status":"closed","template":"","meta":{"footnotes":""},"class_list":["post-101","page","type-page","status-publish","hentry"],"yoast_head":"<!-- This site is optimized with the Yoast SEO plugin v27.4 - https:\/\/yoast.com\/product\/yoast-seo-wordpress\/ -->\n<title>Qui suis-je ? - Le Champ du Bourdon<\/title>\n<meta name=\"description\" content=\"Jardini\u00e8re passionn\u00e9e, productrice, cueilleuse de plantes aromatiques et m\u00e9dicinales. &quot;Le champ du bourdon&quot; est mon projet...\" \/>\n<meta name=\"robots\" content=\"index, follow, max-snippet:-1, max-image-preview:large, max-video-preview:-1\" \/>\n<link rel=\"canonical\" href=\"https:\/\/lechampdubourdon.com\/index.php\/qui-suis-je\/\" \/>\n<meta property=\"og:locale\" content=\"fr_FR\" \/>\n<meta property=\"og:type\" content=\"article\" \/>\n<meta property=\"og:title\" content=\"Qui suis-je ? - Le Champ du Bourdon\" \/>\n<meta property=\"og:description\" content=\"Jardini\u00e8re passionn\u00e9e, productrice, cueilleuse de plantes aromatiques et m\u00e9dicinales. &quot;Le champ du bourdon&quot; est mon projet...\" \/>\n<meta property=\"og:url\" content=\"https:\/\/lechampdubourdon.com\/index.php\/qui-suis-je\/\" \/>\n<meta property=\"og:site_name\" content=\"Le Champ du Bourdon\" \/>\n<meta property=\"article:modified_time\" content=\"2023-09-13T13:02:00+00:00\" \/>\n<meta property=\"og:image\" content=\"http:\/\/lechampdubourdon.com\/wp-content\/uploads\/2023\/08\/logo-le-champ-du-bourdon-2-300x199.png\" \/>\n<meta name=\"twitter:card\" content=\"summary_large_image\" \/>\n<meta name=\"twitter:label1\" content=\"Dur\u00e9e de lecture estim\u00e9e\" \/>\n\t<meta name=\"twitter:data1\" content=\"2 minutes\" \/>\n<script type=\"application\/ld+json\" class=\"yoast-schema-graph\">{\"@context\":\"https:\\\/\\\/schema.org\",\"@graph\":[{\"@type\":\"WebPage\",\"@id\":\"https:\\\/\\\/lechampdubourdon.com\\\/index.php\\\/qui-suis-je\\\/\",\"url\":\"https:\\\/\\\/lechampdubourdon.com\\\/index.php\\\/qui-suis-je\\\/\",\"name\":\"Qui suis-je ? - Le Champ du Bourdon\",\"isPartOf\":{\"@id\":\"https:\\\/\\\/lechampdubourdon.com\\\/#website\"},\"primaryImageOfPage\":{\"@id\":\"https:\\\/\\\/lechampdubourdon.com\\\/index.php\\\/qui-suis-je\\\/#primaryimage\"},\"image\":{\"@id\":\"https:\\\/\\\/lechampdubourdon.com\\\/index.php\\\/qui-suis-je\\\/#primaryimage\"},\"thumbnailUrl\":\"http:\\\/\\\/lechampdubourdon.com\\\/wp-content\\\/uploads\\\/2023\\\/08\\\/logo-le-champ-du-bourdon-2-300x199.png\",\"datePublished\":\"2023-08-01T12:00:57+00:00\",\"dateModified\":\"2023-09-13T13:02:00+00:00\",\"description\":\"Jardini\u00e8re passionn\u00e9e, productrice, cueilleuse de plantes aromatiques et m\u00e9dicinales. \\\"Le champ du bourdon\\\" est mon projet...\",\"breadcrumb\":{\"@id\":\"https:\\\/\\\/lechampdubourdon.com\\\/index.php\\\/qui-suis-je\\\/#breadcrumb\"},\"inLanguage\":\"fr-FR\",\"potentialAction\":[{\"@type\":\"ReadAction\",\"target\":[\"https:\\\/\\\/lechampdubourdon.com\\\/index.php\\\/qui-suis-je\\\/\"]}]},{\"@type\":\"ImageObject\",\"inLanguage\":\"fr-FR\",\"@id\":\"https:\\\/\\\/lechampdubourdon.com\\\/index.php\\\/qui-suis-je\\\/#primaryimage\",\"url\":\"https:\\\/\\\/lechampdubourdon.com\\\/wp-content\\\/uploads\\\/2023\\\/08\\\/logo-le-champ-du-bourdon-2.png\",\"contentUrl\":\"https:\\\/\\\/lechampdubourdon.com\\\/wp-content\\\/uploads\\\/2023\\\/08\\\/logo-le-champ-du-bourdon-2.png\",\"width\":2275,\"height\":1506},{\"@type\":\"BreadcrumbList\",\"@id\":\"https:\\\/\\\/lechampdubourdon.com\\\/index.php\\\/qui-suis-je\\\/#breadcrumb\",\"itemListElement\":[{\"@type\":\"ListItem\",\"position\":1,\"name\":\"Accueil\",\"item\":\"https:\\\/\\\/lechampdubourdon.com\\\/\"},{\"@type\":\"ListItem\",\"position\":2,\"name\":\"Qui suis-je ?\"}]},{\"@type\":\"WebSite\",\"@id\":\"https:\\\/\\\/lechampdubourdon.com\\\/#website\",\"url\":\"https:\\\/\\\/lechampdubourdon.com\\\/\",\"name\":\"Le Champ du Bourdon\",\"description\":\"\",\"potentialAction\":[{\"@type\":\"SearchAction\",\"target\":{\"@type\":\"EntryPoint\",\"urlTemplate\":\"https:\\\/\\\/lechampdubourdon.com\\\/?s={search_term_string}\"},\"query-input\":{\"@type\":\"PropertyValueSpecification\",\"valueRequired\":true,\"valueName\":\"search_term_string\"}}],\"inLanguage\":\"fr-FR\"}]}<\/script>\n<!-- \/ Yoast SEO plugin. -->","yoast_head_json":{"title":"Qui suis-je ? - Le Champ du Bourdon","description":"Jardini\u00e8re passionn\u00e9e, productrice, cueilleuse de plantes aromatiques et m\u00e9dicinales. \"Le champ du bourdon\" est mon projet...","robots":{"index":"index","follow":"follow","max-snippet":"max-snippet:-1","max-image-preview":"max-image-preview:large","max-video-preview":"max-video-preview:-1"},"canonical":"https:\/\/lechampdubourdon.com\/index.php\/qui-suis-je\/","og_locale":"fr_FR","og_type":"article","og_title":"Qui suis-je ? - Le Champ du Bourdon","og_description":"Jardini\u00e8re passionn\u00e9e, productrice, cueilleuse de plantes aromatiques et m\u00e9dicinales. \"Le champ du bourdon\" est mon projet...","og_url":"https:\/\/lechampdubourdon.com\/index.php\/qui-suis-je\/","og_site_name":"Le Champ du Bourdon","article_modified_time":"2023-09-13T13:02:00+00:00","og_image":[{"url":"http:\/\/lechampdubourdon.com\/wp-content\/uploads\/2023\/08\/logo-le-champ-du-bourdon-2-300x199.png","type":"","width":"","height":""}],"twitter_card":"summary_large_image","twitter_misc":{"Dur\u00e9e de lecture estim\u00e9e":"2 minutes"},"schema":{"@context":"https:\/\/schema.org","@graph":[{"@type":"WebPage","@id":"https:\/\/lechampdubourdon.com\/index.php\/qui-suis-je\/","url":"https:\/\/lechampdubourdon.com\/index.php\/qui-suis-je\/","name":"Qui suis-je ? - Le Champ du Bourdon","isPartOf":{"@id":"https:\/\/lechampdubourdon.com\/#website"},"primaryImageOfPage":{"@id":"https:\/\/lechampdubourdon.com\/index.php\/qui-suis-je\/#primaryimage"},"image":{"@id":"https:\/\/lechampdubourdon.com\/index.php\/qui-suis-je\/#primaryimage"},"thumbnailUrl":"http:\/\/lechampdubourdon.com\/wp-content\/uploads\/2023\/08\/logo-le-champ-du-bourdon-2-300x199.png","datePublished":"2023-08-01T12:00:57+00:00","dateModified":"2023-09-13T13:02:00+00:00","description":"Jardini\u00e8re passionn\u00e9e, productrice, cueilleuse de plantes aromatiques et m\u00e9dicinales. \"Le champ du bourdon\" est mon projet...","breadcrumb":{"@id":"https:\/\/lechampdubourdon.com\/index.php\/qui-suis-je\/#breadcrumb"},"inLanguage":"fr-FR","potentialAction":[{"@type":"ReadAction","target":["https:\/\/lechampdubourdon.com\/index.php\/qui-suis-je\/"]}]},{"@type":"ImageObject","inLanguage":"fr-FR","@id":"https:\/\/lechampdubourdon.com\/index.php\/qui-suis-je\/#primaryimage","url":"https:\/\/lechampdubourdon.com\/wp-content\/uploads\/2023\/08\/logo-le-champ-du-bourdon-2.png","contentUrl":"https:\/\/lechampdubourdon.com\/wp-content\/uploads\/2023\/08\/logo-le-champ-du-bourdon-2.png","width":2275,"height":1506},{"@type":"BreadcrumbList","@id":"https:\/\/lechampdubourdon.com\/index.php\/qui-suis-je\/#breadcrumb","itemListElement":[{"@type":"ListItem","position":1,"name":"Accueil","item":"https:\/\/lechampdubourdon.com\/"},{"@type":"ListItem","position":2,"name":"Qui suis-je ?"}]},{"@type":"WebSite","@id":"https:\/\/lechampdubourdon.com\/#website","url":"https:\/\/lechampdubourdon.com\/","name":"Le Champ du Bourdon","description":"","potentialAction":[{"@type":"SearchAction","target":{"@type":"EntryPoint","urlTemplate":"https:\/\/lechampdubourdon.com\/?s={search_term_string}"},"query-input":{"@type":"PropertyValueSpecification","valueRequired":true,"valueName":"search_term_string"}}],"inLanguage":"fr-FR"}]}},"_links":{"self":[{"href":"https:\/\/lechampdubourdon.com\/index.php\/wp-json\/wp\/v2\/pages\/101","targetHints":{"allow":["GET"]}}],"collection":[{"href":"https:\/\/lechampdubourdon.com\/index.php\/wp-json\/wp\/v2\/pages"}],"about":[{"href":"https:\/\/lechampdubourdon.com\/index.php\/wp-json\/wp\/v2\/types\/page"}],"author":[{"embeddable":true,"href":"https:\/\/lechampdubourdon.com\/index.php\/wp-json\/wp\/v2\/users\/1"}],"replies":[{"embeddable":true,"href":"https:\/\/lechampdubourdon.com\/index.php\/wp-json\/wp\/v2\/comments?post=101"}],"version-history":[{"count":10,"href":"https:\/\/lechampdubourdon.com\/index.php\/wp-json\/wp\/v2\/pages\/101\/revisions"}],"predecessor-version":[{"id":437,"href":"https:\/\/lechampdubourdon.com\/index.php\/wp-json\/wp\/v2\/pages\/101\/revisions\/437"}],"wp:attachment":[{"href":"https:\/\/lechampdubourdon.com\/index.php\/wp-json\/wp\/v2\/media?parent=101"}],"curies":[{"name":"wp","href":"https:\/\/api.w.org\/{rel}","templated":true}]}}