{"id":108,"date":"2023-08-01T15:39:54","date_gmt":"2023-08-01T13:39:54","guid":{"rendered":"http:\/\/lechampdubourdon.com\/?page_id=108"},"modified":"2023-08-07T18:08:04","modified_gmt":"2023-08-07T16:08:04","slug":"mon-metier","status":"publish","type":"page","link":"https:\/\/lechampdubourdon.com\/index.php\/mon-metier\/","title":{"rendered":"Mon m\u00e9tier"},"content":{"rendered":"<div class=\"wp-block-image\">\n<figure class=\"aligncenter size-medium\"><img loading=\"lazy\" decoding=\"async\" width=\"300\" height=\"199\" src=\"http:\/\/lechampdubourdon.com\/wp-content\/uploads\/2023\/08\/logo-le-champ-du-bourdon-2-300x199.png\" alt=\"\" class=\"wp-image-184\" srcset=\"https:\/\/lechampdubourdon.com\/wp-content\/uploads\/2023\/08\/logo-le-champ-du-bourdon-2-300x199.png 300w, https:\/\/lechampdubourdon.com\/wp-content\/uploads\/2023\/08\/logo-le-champ-du-bourdon-2-1024x678.png 1024w, https:\/\/lechampdubourdon.com\/wp-content\/uploads\/2023\/08\/logo-le-champ-du-bourdon-2-768x508.png 768w, https:\/\/lechampdubourdon.com\/wp-content\/uploads\/2023\/08\/logo-le-champ-du-bourdon-2-1536x1017.png 1536w, https:\/\/lechampdubourdon.com\/wp-content\/uploads\/2023\/08\/logo-le-champ-du-bourdon-2-2048x1356.png 2048w\" sizes=\"auto, (max-width: 300px) 100vw, 300px\" \/><\/figure>\n<\/div>\n\n<div class=\"wp-block-image\">\n<figure class=\"aligncenter size-full\"><img loading=\"lazy\" decoding=\"async\" width=\"602\" height=\"361\" src=\"http:\/\/lechampdubourdon.com\/wp-content\/uploads\/2023\/08\/Screenshot-2023-08-04-17.26.10.png\" alt=\"\" class=\"wp-image-235\" srcset=\"https:\/\/lechampdubourdon.com\/wp-content\/uploads\/2023\/08\/Screenshot-2023-08-04-17.26.10.png 602w, https:\/\/lechampdubourdon.com\/wp-content\/uploads\/2023\/08\/Screenshot-2023-08-04-17.26.10-300x180.png 300w\" sizes=\"auto, (max-width: 602px) 100vw, 602px\" \/><\/figure>\n<\/div>\n\n\n<div class=\"wp-block-columns is-layout-flex wp-container-core-columns-is-layout-9d6595d7 wp-block-columns-is-layout-flex\">\n<div class=\"wp-block-column is-layout-flow wp-block-column-is-layout-flow\"><div class=\"wp-block-image\">\n<figure class=\"aligncenter size-full is-resized\"><img loading=\"lazy\" decoding=\"async\" src=\"http:\/\/lechampdubourdon.com\/wp-content\/uploads\/2023\/08\/Screenshot-2023-08-04-19.34.35.png\" alt=\"\" class=\"wp-image-290\" width=\"893\" height=\"658\" srcset=\"https:\/\/lechampdubourdon.com\/wp-content\/uploads\/2023\/08\/Screenshot-2023-08-04-19.34.35.png 759w, https:\/\/lechampdubourdon.com\/wp-content\/uploads\/2023\/08\/Screenshot-2023-08-04-19.34.35-300x221.png 300w\" sizes=\"auto, (max-width: 706px) 89vw, (max-width: 767px) 82vw, 740px\" \/><\/figure>\n<\/div><\/div>\n<\/div>\n\n\n\n<div class=\"wp-block-cover aligncenter is-light has-small-font-size\"><span aria-hidden=\"true\" class=\"wp-block-cover__background has-background-dim-0 has-background-dim\"><\/span><img loading=\"lazy\" decoding=\"async\" width=\"1280\" height=\"384\" class=\"wp-block-cover__image-background wp-image-273\" alt=\"\" src=\"http:\/\/lechampdubourdon.com\/wp-content\/uploads\/2023\/08\/camomille-blanche-dans-banniere-champ-ete-printemps-generative-ai_118631-4223.jpg\" data-object-fit=\"cover\" srcset=\"https:\/\/lechampdubourdon.com\/wp-content\/uploads\/2023\/08\/camomille-blanche-dans-banniere-champ-ete-printemps-generative-ai_118631-4223.jpg 1280w, https:\/\/lechampdubourdon.com\/wp-content\/uploads\/2023\/08\/camomille-blanche-dans-banniere-champ-ete-printemps-generative-ai_118631-4223-300x90.jpg 300w, https:\/\/lechampdubourdon.com\/wp-content\/uploads\/2023\/08\/camomille-blanche-dans-banniere-champ-ete-printemps-generative-ai_118631-4223-1024x307.jpg 1024w, https:\/\/lechampdubourdon.com\/wp-content\/uploads\/2023\/08\/camomille-blanche-dans-banniere-champ-ete-printemps-generative-ai_118631-4223-768x230.jpg 768w\" sizes=\"auto, (max-width: 706px) 89vw, (max-width: 767px) 82vw, 740px\" \/><div class=\"wp-block-cover__inner-container is-layout-flow wp-block-cover-is-layout-flow\">\n<p class=\"has-text-align-center has-black-color has-text-color has-background\" style=\"background-color:#f9faddd6;font-size:16px\">Je cultive une trentaine de vari\u00e9t\u00e9s de plantes en n&rsquo;ayant recours \u00e0 aucun engrais chimique ni pesticides afin de favoriser la biodiversit\u00e9 <br>sur un terrain de 3 000 m\u00b2 environ. Toutes les r\u00e9coltes se font \u00e0 la main ou \u00e0 l&rsquo;aide d&rsquo;outils manuels.<br>Par ailleurs, quelques plantes telles que le sureau, la ronce ou l&rsquo;ortie sont r\u00e9colt\u00e9es en cueillette sauvage aux alentours <br>et ceci dans le plus strict respect des milieux naturels.<br>J&rsquo;ai choisi volontairement de travailler sur une petite surface, mais avec de nombreuses vari\u00e9t\u00e9s de plantes pour offrir un large choix de produit. <br>Chaque plante est cueillie au moment opportun afin d&rsquo;offrir toutes ses propri\u00e9t\u00e9s et ses ar\u00f4mes.<\/p>\n<\/div><\/div>\n","protected":false},"excerpt":{"rendered":"","protected":false},"author":1,"featured_media":0,"parent":0,"menu_order":0,"comment_status":"closed","ping_status":"closed","template":"","meta":{"footnotes":""},"class_list":["post-108","page","type-page","status-publish","hentry"],"yoast_head":"<!-- This site is optimized with the Yoast SEO plugin v27.4 - https:\/\/yoast.com\/product\/yoast-seo-wordpress\/ -->\n<title>Mon m\u00e9tier - Le Champ du Bourdon<\/title>\n<meta name=\"robots\" content=\"index, follow, max-snippet:-1, max-image-preview:large, max-video-preview:-1\" \/>\n<link rel=\"canonical\" href=\"https:\/\/lechampdubourdon.com\/index.php\/mon-metier\/\" \/>\n<meta property=\"og:locale\" content=\"fr_FR\" \/>\n<meta property=\"og:type\" content=\"article\" \/>\n<meta property=\"og:title\" content=\"Mon m\u00e9tier - Le Champ du Bourdon\" \/>\n<meta property=\"og:url\" content=\"https:\/\/lechampdubourdon.com\/index.php\/mon-metier\/\" \/>\n<meta property=\"og:site_name\" content=\"Le Champ du Bourdon\" \/>\n<meta property=\"article:modified_time\" content=\"2023-08-07T16:08:04+00:00\" \/>\n<meta property=\"og:image\" content=\"http:\/\/lechampdubourdon.com\/wp-content\/uploads\/2023\/08\/logo-le-champ-du-bourdon-2-300x199.png\" \/>\n<meta name=\"twitter:card\" content=\"summary_large_image\" \/>\n<meta name=\"twitter:label1\" content=\"Dur\u00e9e de lecture estim\u00e9e\" \/>\n\t<meta name=\"twitter:data1\" content=\"2 minutes\" \/>\n<script type=\"application\/ld+json\" class=\"yoast-schema-graph\">{\"@context\":\"https:\\\/\\\/schema.org\",\"@graph\":[{\"@type\":\"WebPage\",\"@id\":\"https:\\\/\\\/lechampdubourdon.com\\\/index.php\\\/mon-metier\\\/\",\"url\":\"https:\\\/\\\/lechampdubourdon.com\\\/index.php\\\/mon-metier\\\/\",\"name\":\"Mon m\u00e9tier - Le Champ du Bourdon\",\"isPartOf\":{\"@id\":\"https:\\\/\\\/lechampdubourdon.com\\\/#website\"},\"primaryImageOfPage\":{\"@id\":\"https:\\\/\\\/lechampdubourdon.com\\\/index.php\\\/mon-metier\\\/#primaryimage\"},\"image\":{\"@id\":\"https:\\\/\\\/lechampdubourdon.com\\\/index.php\\\/mon-metier\\\/#primaryimage\"},\"thumbnailUrl\":\"http:\\\/\\\/lechampdubourdon.com\\\/wp-content\\\/uploads\\\/2023\\\/08\\\/logo-le-champ-du-bourdon-2-300x199.png\",\"datePublished\":\"2023-08-01T13:39:54+00:00\",\"dateModified\":\"2023-08-07T16:08:04+00:00\",\"breadcrumb\":{\"@id\":\"https:\\\/\\\/lechampdubourdon.com\\\/index.php\\\/mon-metier\\\/#breadcrumb\"},\"inLanguage\":\"fr-FR\",\"potentialAction\":[{\"@type\":\"ReadAction\",\"target\":[\"https:\\\/\\\/lechampdubourdon.com\\\/index.php\\\/mon-metier\\\/\"]}]},{\"@type\":\"ImageObject\",\"inLanguage\":\"fr-FR\",\"@id\":\"https:\\\/\\\/lechampdubourdon.com\\\/index.php\\\/mon-metier\\\/#primaryimage\",\"url\":\"https:\\\/\\\/lechampdubourdon.com\\\/wp-content\\\/uploads\\\/2023\\\/08\\\/logo-le-champ-du-bourdon-2.png\",\"contentUrl\":\"https:\\\/\\\/lechampdubourdon.com\\\/wp-content\\\/uploads\\\/2023\\\/08\\\/logo-le-champ-du-bourdon-2.png\",\"width\":2275,\"height\":1506},{\"@type\":\"BreadcrumbList\",\"@id\":\"https:\\\/\\\/lechampdubourdon.com\\\/index.php\\\/mon-metier\\\/#breadcrumb\",\"itemListElement\":[{\"@type\":\"ListItem\",\"position\":1,\"name\":\"Accueil\",\"item\":\"https:\\\/\\\/lechampdubourdon.com\\\/\"},{\"@type\":\"ListItem\",\"position\":2,\"name\":\"Mon m\u00e9tier\"}]},{\"@type\":\"WebSite\",\"@id\":\"https:\\\/\\\/lechampdubourdon.com\\\/#website\",\"url\":\"https:\\\/\\\/lechampdubourdon.com\\\/\",\"name\":\"Le Champ du Bourdon\",\"description\":\"\",\"potentialAction\":[{\"@type\":\"SearchAction\",\"target\":{\"@type\":\"EntryPoint\",\"urlTemplate\":\"https:\\\/\\\/lechampdubourdon.com\\\/?s={search_term_string}\"},\"query-input\":{\"@type\":\"PropertyValueSpecification\",\"valueRequired\":true,\"valueName\":\"search_term_string\"}}],\"inLanguage\":\"fr-FR\"}]}<\/script>\n<!-- \/ Yoast SEO plugin. -->","yoast_head_json":{"title":"Mon m\u00e9tier - Le Champ du Bourdon","robots":{"index":"index","follow":"follow","max-snippet":"max-snippet:-1","max-image-preview":"max-image-preview:large","max-video-preview":"max-video-preview:-1"},"canonical":"https:\/\/lechampdubourdon.com\/index.php\/mon-metier\/","og_locale":"fr_FR","og_type":"article","og_title":"Mon m\u00e9tier - Le Champ du Bourdon","og_url":"https:\/\/lechampdubourdon.com\/index.php\/mon-metier\/","og_site_name":"Le Champ du Bourdon","article_modified_time":"2023-08-07T16:08:04+00:00","og_image":[{"url":"http:\/\/lechampdubourdon.com\/wp-content\/uploads\/2023\/08\/logo-le-champ-du-bourdon-2-300x199.png","type":"","width":"","height":""}],"twitter_card":"summary_large_image","twitter_misc":{"Dur\u00e9e de lecture estim\u00e9e":"2 minutes"},"schema":{"@context":"https:\/\/schema.org","@graph":[{"@type":"WebPage","@id":"https:\/\/lechampdubourdon.com\/index.php\/mon-metier\/","url":"https:\/\/lechampdubourdon.com\/index.php\/mon-metier\/","name":"Mon m\u00e9tier - Le Champ du Bourdon","isPartOf":{"@id":"https:\/\/lechampdubourdon.com\/#website"},"primaryImageOfPage":{"@id":"https:\/\/lechampdubourdon.com\/index.php\/mon-metier\/#primaryimage"},"image":{"@id":"https:\/\/lechampdubourdon.com\/index.php\/mon-metier\/#primaryimage"},"thumbnailUrl":"http:\/\/lechampdubourdon.com\/wp-content\/uploads\/2023\/08\/logo-le-champ-du-bourdon-2-300x199.png","datePublished":"2023-08-01T13:39:54+00:00","dateModified":"2023-08-07T16:08:04+00:00","breadcrumb":{"@id":"https:\/\/lechampdubourdon.com\/index.php\/mon-metier\/#breadcrumb"},"inLanguage":"fr-FR","potentialAction":[{"@type":"ReadAction","target":["https:\/\/lechampdubourdon.com\/index.php\/mon-metier\/"]}]},{"@type":"ImageObject","inLanguage":"fr-FR","@id":"https:\/\/lechampdubourdon.com\/index.php\/mon-metier\/#primaryimage","url":"https:\/\/lechampdubourdon.com\/wp-content\/uploads\/2023\/08\/logo-le-champ-du-bourdon-2.png","contentUrl":"https:\/\/lechampdubourdon.com\/wp-content\/uploads\/2023\/08\/logo-le-champ-du-bourdon-2.png","width":2275,"height":1506},{"@type":"BreadcrumbList","@id":"https:\/\/lechampdubourdon.com\/index.php\/mon-metier\/#breadcrumb","itemListElement":[{"@type":"ListItem","position":1,"name":"Accueil","item":"https:\/\/lechampdubourdon.com\/"},{"@type":"ListItem","position":2,"name":"Mon m\u00e9tier"}]},{"@type":"WebSite","@id":"https:\/\/lechampdubourdon.com\/#website","url":"https:\/\/lechampdubourdon.com\/","name":"Le Champ du Bourdon","description":"","potentialAction":[{"@type":"SearchAction","target":{"@type":"EntryPoint","urlTemplate":"https:\/\/lechampdubourdon.com\/?s={search_term_string}"},"query-input":{"@type":"PropertyValueSpecification","valueRequired":true,"valueName":"search_term_string"}}],"inLanguage":"fr-FR"}]}},"_links":{"self":[{"href":"https:\/\/lechampdubourdon.com\/index.php\/wp-json\/wp\/v2\/pages\/108","targetHints":{"allow":["GET"]}}],"collection":[{"href":"https:\/\/lechampdubourdon.com\/index.php\/wp-json\/wp\/v2\/pages"}],"about":[{"href":"https:\/\/lechampdubourdon.com\/index.php\/wp-json\/wp\/v2\/types\/page"}],"author":[{"embeddable":true,"href":"https:\/\/lechampdubourdon.com\/index.php\/wp-json\/wp\/v2\/users\/1"}],"replies":[{"embeddable":true,"href":"https:\/\/lechampdubourdon.com\/index.php\/wp-json\/wp\/v2\/comments?post=108"}],"version-history":[{"count":38,"href":"https:\/\/lechampdubourdon.com\/index.php\/wp-json\/wp\/v2\/pages\/108\/revisions"}],"predecessor-version":[{"id":314,"href":"https:\/\/lechampdubourdon.com\/index.php\/wp-json\/wp\/v2\/pages\/108\/revisions\/314"}],"wp:attachment":[{"href":"https:\/\/lechampdubourdon.com\/index.php\/wp-json\/wp\/v2\/media?parent=108"}],"curies":[{"name":"wp","href":"https:\/\/api.w.org\/{rel}","templated":true}]}}